{"id":7,"date":"2018-02-25T19:55:40","date_gmt":"2018-02-25T18:55:40","guid":{"rendered":"http:\/\/watchesbyeliot.com\/?page_id=7"},"modified":"2023-01-01T13:26:30","modified_gmt":"2023-01-01T12:26:30","slug":"accueil","status":"publish","type":"page","link":"https:\/\/watchesbyeliot.com\/","title":{"rendered":"Accueil"},"content":{"rendered":"<p>Bienvenue !<\/p>\n<p>Ce site compl\u00e8te ma page Instagram, <em>@watchesbyeliot<\/em>, active depuis juillet 2016. Vous y trouverez du contenu sur tout le paysage horloger : des g\u00e9ants connus de tous aux cr\u00e9ateurs ind\u00e9pendants.<\/p>\n<p>Bonne visite<\/p>\n","protected":false},"excerpt":{"rendered":"<p>Bienvenue ! Ce site compl\u00e8te ma page Instagram, @watchesbyeliot, active depuis juillet 2016. Vous y &hellip; <\/p>\n","protected":false},"author":1,"featured_media":0,"parent":0,"menu_order":0,"comment_status":"closed","ping_status":"closed","template":"","meta":{"footnotes":""},"_links":{"self":[{"href":"https:\/\/watchesbyeliot.com\/index.php\/wp-json\/wp\/v2\/pages\/7"}],"collection":[{"href":"https:\/\/watchesbyeliot.com\/index.php\/wp-json\/wp\/v2\/pages"}],"about":[{"href":"https:\/\/watchesbyeliot.com\/index.php\/wp-json\/wp\/v2\/types\/page"}],"author":[{"embeddable":true,"href":"https:\/\/watchesbyeliot.com\/index.php\/wp-json\/wp\/v2\/users\/1"}],"replies":[{"embeddable":true,"href":"https:\/\/watchesbyeliot.com\/index.php\/wp-json\/wp\/v2\/comments?post=7"}],"version-history":[{"count":22,"href":"https:\/\/watchesbyeliot.com\/index.php\/wp-json\/wp\/v2\/pages\/7\/revisions"}],"predecessor-version":[{"id":870,"href":"https:\/\/watchesbyeliot.com\/index.php\/wp-json\/wp\/v2\/pages\/7\/revisions\/870"}],"wp:attachment":[{"href":"https:\/\/watchesbyeliot.com\/index.php\/wp-json\/wp\/v2\/media?parent=7"}],"curies":[{"name":"wp","href":"https:\/\/api.w.org\/{rel}","templated":true}]}}