{"id":734,"date":"2022-07-09T23:06:32","date_gmt":"2022-07-09T21:06:32","guid":{"rendered":"https:\/\/watchesbyeliot.com\/?page_id=734"},"modified":"2025-03-04T00:45:37","modified_gmt":"2025-03-03T23:45:37","slug":"a-propos","status":"publish","type":"page","link":"https:\/\/watchesbyeliot.com\/index.php\/a-propos\/","title":{"rendered":"\u00c0 propos"},"content":{"rendered":"\n<p>Ce site Internet vient compl\u00e9ter ma page Instagram, @watchesbyeliot, active depuis 2016. Vous retrouverez sur ces deux plateformes des photos, vid\u00e9os et articles autour des montres  (grandes marques et cr\u00e9ateurs ind\u00e9pendants) et du monde horloger en g\u00e9n\u00e9ral. <\/p>\n\n\n\n<p>Mon int\u00e9r\u00eat pour les montres est n\u00e9 tr\u00e8s jeune, apr\u00e8s \u00eatre pass\u00e9 devant des vitrines horlog\u00e8res puis en ayant eu la chance d\u2019essayer quelques pi\u00e8ces, accompagn\u00e9 de mes parents. Le compte Instagram est venu peu de temps apr\u00e8s, \u00e0 l\u2019\u00e2ge de 13 ans. Initialement, il me servait simplement \u00e0 consulter des photos et vid\u00e9os publi\u00e9es par les grands noms de l\u2019horlogerie sur les r\u00e9seaux sociaux, que je republiai  parfois sur mon compte. Aujourd\u2019hui, il est aliment\u00e9 par un contenu que je cr\u00e9e de A \u00e0 Z. Les formats que j\u2019appr\u00e9cie le plus r\u00e9aliser sont les Timelapses Horlogers, o\u00f9 on peut observer certaines complications (petite seconde, balancier, r\u00e9p\u00e9tition minute, changement de fuseau horaire et tr\u00e8s majoritairement tourbillon) en action. Le timelapse permet de r\u00e9v\u00e9ler la cin\u00e9matique globale d\u2019une montre.<\/p>\n\n\n\n<p>Le compte Instagram a connu des moments de forte progression, avec une croissance naturelle allant jusqu\u2019\u00e0 50 abonn\u00e9s\/jour et des dizaines de milliers d\u2019interactions, notamment gr\u00e2ce \u00e0 des Timelapses Horlogers. Jusqu\u2019en septembre 2021, il \u00e9tait aliment\u00e9 quotidiennement. Depuis sa cr\u00e9ation en 2018, le site Internet a \u00e9t\u00e9 visit\u00e9 plus d\u2019un million de fois ! Actuellement, le trafic s\u2019\u00e9l\u00e8ve \u00e0 1 000 visites \/ jour (f\u00e9vrier 2025). <\/p>\n\n\n\n<p>Depuis 2024, je suis membre de <a href=\"https:\/\/www.gphg.org\/fr\/academie\/liste-des-academiciens-2024\">l\u2019Acad\u00e9mie du GPHG<\/a>. <\/p>\n\n\n\n<p>\u00c9tudiant en classe pr\u00e9paratoire de septembre 2021 \u00e0 juillet 2024 (fili\u00e8re MP), j&#8217;ai du fortement diminuer la fr\u00e9quence des publications sur le site Internet et la page Instagram. Watches By Eliot reprend depuis l&#8217;\u00e9t\u00e9 2024 \u00e0 plein r\u00e9gime ! <\/p>\n\n\n\n<p>Eliot Aviat <\/p>\n","protected":false},"excerpt":{"rendered":"<p>Ce site Internet vient compl\u00e9ter ma page Instagram, @watchesbyeliot, active depuis 2016. Vous retrouverez sur &hellip; <\/p>\n","protected":false},"author":1,"featured_media":0,"parent":0,"menu_order":0,"comment_status":"closed","ping_status":"closed","template":"","meta":{"footnotes":""},"_links":{"self":[{"href":"https:\/\/watchesbyeliot.com\/index.php\/wp-json\/wp\/v2\/pages\/734"}],"collection":[{"href":"https:\/\/watchesbyeliot.com\/index.php\/wp-json\/wp\/v2\/pages"}],"about":[{"href":"https:\/\/watchesbyeliot.com\/index.php\/wp-json\/wp\/v2\/types\/page"}],"author":[{"embeddable":true,"href":"https:\/\/watchesbyeliot.com\/index.php\/wp-json\/wp\/v2\/users\/1"}],"replies":[{"embeddable":true,"href":"https:\/\/watchesbyeliot.com\/index.php\/wp-json\/wp\/v2\/comments?post=734"}],"version-history":[{"count":28,"href":"https:\/\/watchesbyeliot.com\/index.php\/wp-json\/wp\/v2\/pages\/734\/revisions"}],"predecessor-version":[{"id":1481,"href":"https:\/\/watchesbyeliot.com\/index.php\/wp-json\/wp\/v2\/pages\/734\/revisions\/1481"}],"wp:attachment":[{"href":"https:\/\/watchesbyeliot.com\/index.php\/wp-json\/wp\/v2\/media?parent=734"}],"curies":[{"name":"wp","href":"https:\/\/api.w.org\/{rel}","templated":true}]}}