{"id":9,"date":"2018-02-25T19:55:40","date_gmt":"2018-02-25T18:55:40","guid":{"rendered":"http:\/\/watchesbyeliot.com\/?page_id=9"},"modified":"2023-07-21T00:33:14","modified_gmt":"2023-07-20T22:33:14","slug":"contact","status":"publish","type":"page","link":"https:\/\/watchesbyeliot.com\/index.php\/contact\/","title":{"rendered":"Contact"},"content":{"rendered":"<p>Vous pouvez me contacter via Instagram (@watchesbyeliot en message direct, je r\u00e9ponds \u00e0 tous les messages) ou bien par mail \u00e0 l\u2019adresse watchesbyeliot@gmail.com<\/p>\n\n\n<p><\/p>\n","protected":false},"excerpt":{"rendered":"<p>Vous pouvez me contacter via Instagram (@watchesbyeliot en message direct, je r\u00e9ponds \u00e0 tous les &hellip; <\/p>\n","protected":false},"author":1,"featured_media":0,"parent":0,"menu_order":0,"comment_status":"closed","ping_status":"closed","template":"","meta":{"footnotes":""},"_links":{"self":[{"href":"https:\/\/watchesbyeliot.com\/index.php\/wp-json\/wp\/v2\/pages\/9"}],"collection":[{"href":"https:\/\/watchesbyeliot.com\/index.php\/wp-json\/wp\/v2\/pages"}],"about":[{"href":"https:\/\/watchesbyeliot.com\/index.php\/wp-json\/wp\/v2\/types\/page"}],"author":[{"embeddable":true,"href":"https:\/\/watchesbyeliot.com\/index.php\/wp-json\/wp\/v2\/users\/1"}],"replies":[{"embeddable":true,"href":"https:\/\/watchesbyeliot.com\/index.php\/wp-json\/wp\/v2\/comments?post=9"}],"version-history":[{"count":9,"href":"https:\/\/watchesbyeliot.com\/index.php\/wp-json\/wp\/v2\/pages\/9\/revisions"}],"predecessor-version":[{"id":979,"href":"https:\/\/watchesbyeliot.com\/index.php\/wp-json\/wp\/v2\/pages\/9\/revisions\/979"}],"wp:attachment":[{"href":"https:\/\/watchesbyeliot.com\/index.php\/wp-json\/wp\/v2\/media?parent=9"}],"curies":[{"name":"wp","href":"https:\/\/api.w.org\/{rel}","templated":true}]}}